{"id":51,"date":"2019-01-19T18:25:39","date_gmt":"2019-01-19T17:25:39","guid":{"rendered":"https:\/\/lavalleedes4pattes.fr\/?page_id=51"},"modified":"2026-01-23T14:46:52","modified_gmt":"2026-01-23T13:46:52","slug":"horaires-et-reservation","status":"publish","type":"page","link":"https:\/\/lavalleedes4pattes.fr\/index.php\/horaires-et-reservation\/","title":{"rendered":"Horaires et r\u00e9servation"},"content":{"rendered":"\n<p><\/p>\n\n\n\n<h2 class=\"wp-block-heading\" id=\"horaires-des-arrivees-et-des-departs-des-animaux\"><strong>HORAIRES D&rsquo; ARRIV\u00c9E ET DE D\u00c9PART DES ANIMAUX<\/strong><\/h2>\n\n\n\n<figure class=\"wp-block-image size-full is-resized\"><img loading=\"lazy\" decoding=\"async\" width=\"239\" height=\"211\" src=\"https:\/\/lavalleedes4pattes.fr\/wp-content\/uploads\/2026\/01\/telechargement-4.jpg\" alt=\"\" class=\"wp-image-773\" style=\"aspect-ratio:1.1327951414605244;width:98px;height:auto\"\/><figcaption class=\"wp-element-caption\"><strong>Les arriv\u00e9es et les d\u00e9parts se font sur 2 plages horaires sur lesquelles nous fixons une heure de rdv pr\u00e9cise !<\/strong><\/figcaption><\/figure>\n\n\n<div class=\"wp-block-image\">\n<figure class=\"aligncenter size-full is-resized\"><img loading=\"lazy\" decoding=\"async\" width=\"225\" height=\"225\" src=\"https:\/\/lavalleedes4pattes.fr\/wp-content\/uploads\/2026\/01\/telechargement-5.jpg\" alt=\"\" class=\"wp-image-774\" style=\"width:104px;height:auto\" srcset=\"https:\/\/lavalleedes4pattes.fr\/wp-content\/uploads\/2026\/01\/telechargement-5.jpg 225w, https:\/\/lavalleedes4pattes.fr\/wp-content\/uploads\/2026\/01\/telechargement-5-150x150.jpg 150w, https:\/\/lavalleedes4pattes.fr\/wp-content\/uploads\/2026\/01\/telechargement-5-100x100.jpg 100w\" sizes=\"auto, (max-width: 225px) 100vw, 225px\" \/><\/figure>\n<\/div>\n\n\n<figure class=\"wp-block-table\"><table class=\"has-vivid-green-cyan-color has-text-color has-link-color has-fixed-layout\"><tbody><tr><td class=\"has-text-align-center\" data-align=\"center\">JOURS<\/td><td class=\"has-text-align-center\" data-align=\"center\">ARRIVEES <\/td><td class=\"has-text-align-center\" data-align=\"center\">LES D\u00c9PARTS<\/td><\/tr><tr><td class=\"has-text-align-center\" data-align=\"center\">Du Lundi au Samedi<\/td><td class=\"has-text-align-center\" data-align=\"center\">De 9h30 \u00e0 10h<br> et 16h30 \u00e0 17h45<\/td><td class=\"has-text-align-center\" data-align=\"center\">De 9h30 \u00e0 10h<br> et 16h30 \u00e0 18h<\/td><\/tr><tr><td class=\"has-text-align-center\" data-align=\"center\">Dimanche<\/td><td class=\"has-text-align-center\" data-align=\"center\"><\/td><td class=\"has-text-align-center\" data-align=\"center\">Entre 9h30 et 10h<\/td><\/tr><\/tbody><\/table><\/figure>\n\n\n<div class=\"wp-block-image\">\n<figure class=\"aligncenter size-full is-resized\"><img loading=\"lazy\" decoding=\"async\" width=\"225\" height=\"225\" src=\"https:\/\/lavalleedes4pattes.fr\/wp-content\/uploads\/2026\/01\/telechargement-6.jpg\" alt=\"\" class=\"wp-image-775\" style=\"width:105px;height:auto\" srcset=\"https:\/\/lavalleedes4pattes.fr\/wp-content\/uploads\/2026\/01\/telechargement-6.jpg 225w, https:\/\/lavalleedes4pattes.fr\/wp-content\/uploads\/2026\/01\/telechargement-6-150x150.jpg 150w, https:\/\/lavalleedes4pattes.fr\/wp-content\/uploads\/2026\/01\/telechargement-6-100x100.jpg 100w\" sizes=\"auto, (max-width: 225px) 100vw, 225px\" \/><\/figure>\n<\/div>\n\n\n<figure class=\"wp-block-table\"><table class=\"has-vivid-cyan-blue-color has-text-color has-link-color has-fixed-layout\"><tbody><tr><td class=\"has-text-align-center\" data-align=\"center\">JOURS<\/td><td class=\"has-text-align-center\" data-align=\"center\">ARRIVEES <\/td><td class=\"has-text-align-center\" data-align=\"center\">LES D\u00c9PARTS<\/td><\/tr><tr><td class=\"has-text-align-center\" data-align=\"center\">Du Lundi au Vendredi<\/td><td class=\"has-text-align-center\" data-align=\"center\">De 8h45 \u00e0 9h30<br>et 16h15 \u00e0 17h15<\/td><td class=\"has-text-align-center\" data-align=\"center\">De 8h45 \u00e0 9h30<br>et 16h15 \u00e0 17h45<\/td><\/tr><tr><td class=\"has-text-align-center\" data-align=\"center\">Samedi<\/td><td class=\"has-text-align-center\" data-align=\"center\">De 9h00 \u00e0 9h30<br>et 16h15 \u00e0 17h15<\/td><td class=\"has-text-align-center\" data-align=\"center\">De 9h00 \u00e0 9h30<br>et 16h15 \u00e0 17h45<\/td><\/tr><tr><td class=\"has-text-align-center\" data-align=\"center\">Dimanche <\/td><td class=\"has-text-align-center\" data-align=\"center\"><\/td><td class=\"has-text-align-center\" data-align=\"center\">De 9h00 \u00e0 9h30<\/td><\/tr><\/tbody><\/table><\/figure>\n\n\n\n<figure class=\"wp-block-image size-full is-resized\"><img loading=\"lazy\" decoding=\"async\" width=\"225\" height=\"225\" src=\"https:\/\/lavalleedes4pattes.fr\/wp-content\/uploads\/2026\/01\/telechargement.png\" alt=\"\" class=\"wp-image-770\" style=\"width:92px;height:auto\" srcset=\"https:\/\/lavalleedes4pattes.fr\/wp-content\/uploads\/2026\/01\/telechargement.png 225w, https:\/\/lavalleedes4pattes.fr\/wp-content\/uploads\/2026\/01\/telechargement-150x150.png 150w, https:\/\/lavalleedes4pattes.fr\/wp-content\/uploads\/2026\/01\/telechargement-100x100.png 100w\" sizes=\"auto, (max-width: 225px) 100vw, 225px\" \/><figcaption class=\"wp-element-caption\">pas d&rsquo;entr\u00e9e, pas de sortie, pas de visite !<\/figcaption><\/figure>\n\n\n\n<figure class=\"wp-block-image size-full is-resized\"><img loading=\"lazy\" decoding=\"async\" width=\"225\" height=\"225\" src=\"https:\/\/lavalleedes4pattes.fr\/wp-content\/uploads\/2026\/01\/telechargement-3.jpg\" alt=\"\" class=\"wp-image-771\" style=\"width:93px;height:auto\" srcset=\"https:\/\/lavalleedes4pattes.fr\/wp-content\/uploads\/2026\/01\/telechargement-3.jpg 225w, https:\/\/lavalleedes4pattes.fr\/wp-content\/uploads\/2026\/01\/telechargement-3-150x150.jpg 150w, https:\/\/lavalleedes4pattes.fr\/wp-content\/uploads\/2026\/01\/telechargement-3-100x100.jpg 100w\" sizes=\"auto, (max-width: 225px) 100vw, 225px\" \/><figcaption class=\"wp-element-caption\">sorties jusqu&rsquo;\u00e0 10h du matin , pas d&rsquo;entr\u00e9e, pas de visite !<\/figcaption><\/figure>\n\n\n\n<p><strong>Voici mes coordonn\u00e9es: <\/strong><\/p>\n\n\n\n<pre class=\"wp-block-verse\">Ang\u00e9lique HUET<br>5 rue Aubernage<br>41100 PEZOU<br>06.76.75.62.43<br>lavalleedes4pattes41@orange.fr<\/pre>\n\n\n\n<h2 class=\"wp-block-heading\" id=\"modalites-de-reservation\"><strong>MODALIT\u00c9S DE RESERVATION<\/strong><\/h2>\n\n\n\n<p>Avant de r\u00e9server, il vous faut imp\u00e9rativement prendre\ncontact avec moi afin de v\u00e9rifier les disponibilit\u00e9s de la pension.<\/p>\n\n\n\n<p>Pour la r\u00e9servation, il vous suffit de t\u00e9l\u00e9charger les documents ci dessous et me les renvoyer d\u00fbment compl\u00e9t\u00e9s et sign\u00e9s par mail ou par courrier accompagn\u00e9s de l&rsquo;acompte.<\/p>\n\n\n\n<p>D\u00e9s r\u00e9ception, je vous enverrai un mail ou un sms de confirmation afin de valider la r\u00e9servation.<\/p>\n\n\n\n<p>En cas d&rsquo;annulation du s\u00e9jour, l&rsquo;acompte ne sera pas rembours\u00e9 sauf en cas de d\u00e9c\u00e8s ou de convalescence de l&rsquo;animal et sur pr\u00e9sentation du certificat v\u00e9t\u00e9rinaire. L&rsquo;annulation se fait obligatoirement par courrier.<\/p>\n\n\n\n<div class=\"wp-block-group\"><div class=\"wp-block-group__inner-container is-layout-flow wp-block-group-is-layout-flow\">\n<div class=\"wp-block-file\"><a id=\"wp-block-file--media-01d2f658-eddb-4c0b-a618-8b41683dfc94\" href=\"https:\/\/lavalleedes4pattes.fr\/wp-content\/uploads\/2022\/06\/Fiche-de-renseignements-CHAT.pdf\" target=\"_blank\" rel=\"noreferrer noopener\">Fiche de renseignements CHAT<\/a><a href=\"https:\/\/lavalleedes4pattes.fr\/wp-content\/uploads\/2022\/06\/Fiche-de-renseignements-CHAT.pdf\" class=\"wp-block-file__button wp-element-button\" download aria-describedby=\"wp-block-file--media-01d2f658-eddb-4c0b-a618-8b41683dfc94\">T\u00e9l\u00e9charger<\/a><\/div>\n<\/div><\/div>\n\n\n\n<div class=\"wp-block-file\"><a id=\"wp-block-file--media-a74f5f23-4d47-4a9d-b44a-72fdfb146262\" href=\"https:\/\/lavalleedes4pattes.fr\/wp-content\/uploads\/2022\/06\/Fiche-de-renseignements-CHIEN-1.pdf\" target=\"_blank\" rel=\"noreferrer noopener\">Fiche de renseignements CHIEN<\/a><a href=\"https:\/\/lavalleedes4pattes.fr\/wp-content\/uploads\/2022\/06\/Fiche-de-renseignements-CHIEN-1.pdf\" class=\"wp-block-file__button wp-element-button\" download aria-describedby=\"wp-block-file--media-a74f5f23-4d47-4a9d-b44a-72fdfb146262\">T\u00e9l\u00e9charger<\/a><\/div>\n\n\n\n<div class=\"wp-block-file\"><a id=\"wp-block-file--media-4e1590ff-c515-455c-b506-31e03c5e4707\" href=\"https:\/\/lavalleedes4pattes.fr\/wp-content\/uploads\/2026\/01\/Reglement-interieur.pdf\" target=\"_blank\" rel=\"noreferrer noopener\">R\u00e9glement int\u00e9rieur<\/a><a href=\"https:\/\/lavalleedes4pattes.fr\/wp-content\/uploads\/2026\/01\/Reglement-interieur.pdf\" class=\"wp-block-file__button wp-element-button\" download aria-describedby=\"wp-block-file--media-4e1590ff-c515-455c-b506-31e03c5e4707\">T\u00e9l\u00e9charger<\/a><\/div>\n\n\n\n<p><\/p>\n\n\n\n<p><\/p>\n\n\n\n<p><\/p>\n","protected":false},"excerpt":{"rendered":"<p>HORAIRES D&rsquo; ARRIV\u00c9E ET DE D\u00c9PART DES ANIMAUX JOURS ARRIVEES LES D\u00c9PARTS Du Lundi au Samedi De 9h30 \u00e0 10h et 16h30 \u00e0 17h45 De 9h30 \u00e0 10h et 16h30 \u00e0 18h Dimanche Entre 9h30 et 10h JOURS ARRIVEES LES D\u00c9PARTS Du Lundi au Vendredi De 8h45 \u00e0 9h30et 16h15 \u00e0 17h15 De 8h45 \u00e0 &hellip; <\/p>\n<p class=\"link-more\"><a href=\"https:\/\/lavalleedes4pattes.fr\/index.php\/horaires-et-reservation\/\" class=\"more-link\">Continuer la lecture<span class=\"screen-reader-text\"> de &laquo;&nbsp;Horaires et r\u00e9servation&nbsp;&raquo;<\/span><\/a><\/p>\n","protected":false},"author":1,"featured_media":0,"parent":0,"menu_order":0,"comment_status":"closed","ping_status":"closed","template":"","meta":{"_exactmetrics_skip_tracking":false,"_exactmetrics_sitenote_active":false,"_exactmetrics_sitenote_note":"","_exactmetrics_sitenote_category":0,"footnotes":""},"class_list":["post-51","page","type-page","status-publish","hentry"],"_links":{"self":[{"href":"https:\/\/lavalleedes4pattes.fr\/index.php\/wp-json\/wp\/v2\/pages\/51","targetHints":{"allow":["GET"]}}],"collection":[{"href":"https:\/\/lavalleedes4pattes.fr\/index.php\/wp-json\/wp\/v2\/pages"}],"about":[{"href":"https:\/\/lavalleedes4pattes.fr\/index.php\/wp-json\/wp\/v2\/types\/page"}],"author":[{"embeddable":true,"href":"https:\/\/lavalleedes4pattes.fr\/index.php\/wp-json\/wp\/v2\/users\/1"}],"replies":[{"embeddable":true,"href":"https:\/\/lavalleedes4pattes.fr\/index.php\/wp-json\/wp\/v2\/comments?post=51"}],"version-history":[{"count":88,"href":"https:\/\/lavalleedes4pattes.fr\/index.php\/wp-json\/wp\/v2\/pages\/51\/revisions"}],"predecessor-version":[{"id":782,"href":"https:\/\/lavalleedes4pattes.fr\/index.php\/wp-json\/wp\/v2\/pages\/51\/revisions\/782"}],"wp:attachment":[{"href":"https:\/\/lavalleedes4pattes.fr\/index.php\/wp-json\/wp\/v2\/media?parent=51"}],"curies":[{"name":"wp","href":"https:\/\/api.w.org\/{rel}","templated":true}]}}