{"id":53,"date":"2019-01-19T18:26:54","date_gmt":"2019-01-19T17:26:54","guid":{"rendered":"https:\/\/lavalleedes4pattes.fr\/?page_id=53"},"modified":"2026-01-22T17:41:16","modified_gmt":"2026-01-22T16:41:16","slug":"reglement-interieur","status":"publish","type":"page","link":"https:\/\/lavalleedes4pattes.fr\/index.php\/reglement-interieur\/","title":{"rendered":"R\u00e8glement int\u00e9rieur"},"content":{"rendered":"\n<p><strong>Conditions d&rsquo;admissions<\/strong><\/p>\n\n\n\n<ul class=\"wp-block-list\">\n<li>Tout animal entrant devra \u00eatre identifi\u00e9 par tatouage lisible ou par puce \u00e9lectronique.<\/li>\n\n\n\n<li>Le carnet de vaccinations \u00e0 jour est obligatoire pour chaque animal confi\u00e9 en garde et sera conserv\u00e9 \u00e0 la pension durant toute la dur\u00e9e du s\u00e9jour. Pour que le vaccin soit consid\u00e9r\u00e9 efficace, il doit \u00eatre fait depuis plus de 15 jours et moins d&rsquo;un an contre les maladies suivantes&nbsp;:<\/li>\n\n\n\n<li>Chien(ne)s&nbsp;: Maladie de Carr\u00e9, H\u00e9patite de Rubarth, Leptospirose, Parvovirose. Le vaccin contre la toux de chenil (CHLPPi) n&rsquo;est pas obligatoire mais vivement recommand\u00e9.<\/li>\n\n\n\n<li>Chat(te)s&nbsp;: Typhus, coryza, leucose.&nbsp;&nbsp;&nbsp;&nbsp;&nbsp;&nbsp; <\/li>\n\n\n\n<li>L&rsquo;animal confi\u00e9 devra \u00eatre trait\u00e9 contre les puces, tiques et devra \u00eatre vermifug\u00e9 48h avant son entr\u00e9e \u00e0 la pension.<\/li>\n<\/ul>\n\n\n\n<p class=\"has-vivid-red-color has-text-color has-link-color wp-elements-fb08146f54c4ac945b6d5b77d9dd0177\"><strong>Attention&nbsp;!<\/strong> <strong>Ne sont pas accept\u00e9s&nbsp;:<\/strong><\/p>\n\n\n\n<ul class=\"wp-block-list\">\n<li>Les femelles en chaleur<\/li>\n\n\n\n<li>Les chats m\u00e2les de plus de 6 mois non castr\u00e9s<\/li>\n\n\n\n<li>Les animaux agressifs, les chiens qui ont des aboiements intempestifs, les chiens destructeurs et ing\u00e9rables en collectivit\u00e9.<\/li>\n\n\n\n<li>Les chiens non sociable avec l&rsquo;humain ( mes enfants et mon mari sont amen\u00e9s \u00e0 venir \u00e0 la pension )<\/li>\n\n\n\n<li>Les chiens de cat\u00e9gorie 1 et 2 (ne suis pas assur\u00e9e pour les accueillir).<\/li>\n<\/ul>\n\n\n\n<p class=\"has-vivid-red-color has-text-color has-link-color wp-elements-c3023a1407315f5d4c4d024904bb3948\"><strong>La pension se r\u00e9serve le droit de refuser l&rsquo;entr\u00e9e d&rsquo;un animal qui se r\u00e9v\u00e8le malade, dangereux, atteint d&rsquo;une pathologie grave, cardiaque et\/ou infest\u00e9 de parasite. Si tel est le cas, l&rsquo;acompte vers\u00e9 \u00e0 la r\u00e9servation ne sera pas rembours\u00e9 m\u00eame si c&rsquo;est \u00e0 l&rsquo;initiative de la pension puisque le r\u00e8glement int\u00e9rieur n&rsquo;aura pas \u00e9t\u00e9 respect\u00e9.<\/strong><\/p>\n\n\n\n<p><strong>L&rsquo;alimentation&nbsp;:<\/strong><\/p>\n\n\n\n<p>Pour le confort digestif de votre animal, il vous faudra lui fournir son alimentation habituelle en quantit\u00e9 suffisante<\/p>\n\n\n\n<p><strong>La sant\u00e9:<\/strong><\/p>\n\n\n\n<ul class=\"wp-block-list\">\n<li>Les traitements v\u00e9t\u00e9rinaires \u00e0 administrer doivent obligatoirement \u00eatre accompagn\u00e9s d&rsquo;une photocopie de l&rsquo;ordonnance, sans cela le traitement ne sera pas accept\u00e9. En cas de d\u00e9gradation de l&rsquo;\u00e9tat de sant\u00e9 du pensionnaire, la  pension ne pourra pas \u00eatre tenue pour responsable.<\/li>\n\n\n\n<li>Si l&rsquo;\u00e9tat de sant\u00e9 de l&rsquo;animal n\u00e9cessite une intervention m\u00e9dicale ou chirurgicale urgente, le propri\u00e9taire de ce dernier donne son accord pour que la pension prenne toutes les dispositions n\u00e9cessaires concernant la sant\u00e9 de l&rsquo;animal. Les frais v\u00e9t\u00e9rinaires restent \u00e0 la charge exclusive du propri\u00e9taire.<\/li>\n\n\n\n<li>Si durant son s\u00e9jour, il est constat\u00e9 une infestation parasitaire sur l&rsquo;animal, nous nous r\u00e9servons le droit d&rsquo;intervenir sur ce dernier et ce aux frais de son propri\u00e9taire.<\/li>\n\n\n\n<li>En cas de d\u00e9c\u00e8s de l&rsquo;animal, il sera pratiqu\u00e9 une autopsie qui en d\u00e9terminera la cause.  Un compte rendu sera \u00e9tabli par le v\u00e9t\u00e9rinaire r\u00e9f\u00e9rent de la pension. Tout ceci au frais du propri\u00e9taire. <\/li>\n\n\n\n<li>Si l&rsquo;animal a une pathologie grave (cardiaque) pouvant induire \u00e0 un d\u00e9c\u00e8s lors de son s\u00e9jour, le propri\u00e9taire d\u00e9charge la pension de toute responsabilit\u00e9.<\/li>\n\n\n\n<li>Lors du d\u00e9part d&rsquo;un pensionnaire, toute contestation sur son \u00e9tat g\u00e9n\u00e9ral devra \u00eatre constat\u00e9e par le v\u00e9t\u00e9rinaire de la pension le jour du d\u00e9part et ce \u00e0 la charge du propri\u00e9taire de l&rsquo;animal.<\/li>\n<\/ul>\n\n\n\n<p><strong>Les accidents&nbsp;:<\/strong><\/p>\n\n\n\n<p>Les animaux dans le m\u00eame box ainsi que les sorties en groupe qui auront \u00e9t\u00e9 autoris\u00e9es par le propri\u00e9taire d\u00e9gagent toute responsabilit\u00e9 de la pension des \u00e9ventuels incidents survenant entre eux. <\/p>\n\n\n\n<p>En cas d&rsquo;accident ou blessure de l&rsquo;animal survenant durant son s\u00e9jour \u00e0 la pension, les frais v\u00e9t\u00e9rinaires seront \u00e0 la charge du propri\u00e9taire de l&rsquo;animal si une intervention est jug\u00e9e n\u00e9cessaire.<\/p>\n\n\n\n<p>En ce qui concerne la fugue : Le propri\u00e9taire confie son animal en connaissant les mesures de s\u00e9curit\u00e9 prises pour le bien \u00eatre de chaque pensionnaire, en cons\u00e9quence de quoi, en cas de fugue de l&rsquo;animal, la responsabilit\u00e9 de la pension ne pourra \u00eatre en aucun cas engag\u00e9e.<\/p>\n\n\n\n<p><strong>Les effets personnels&nbsp;:<\/strong><\/p>\n\n\n\n<p>Le couchage habituel et les jouets de votre animal sont vivement recommand\u00e9s afin que votre compagnon ai des rep\u00e8res et se sente un peu plus chez lui. Si votre animal d\u00e9grade ses effets personnels, la pension ne pourra \u00eatre tenue pour responsable.<\/p>\n\n\n\n<p><strong>Facturation&nbsp;:<\/strong> <\/p>\n\n\n\n<p>\u00c0 la r\u00e9servation, un acompte de 30% sera \u00e0 r\u00e9gler dans les 8 jours afin de bloquer votre r\u00e9servation et le solde au plus tard \u00e0 l&rsquo;arriv\u00e9e de l&rsquo;animal \u00e0 la pension.<\/p>\n\n\n\n<p>Si vous souhaitez r\u00e9gler le solde par virement, celui ci doit \u00eatre vers\u00e9 imp\u00e9rativement avant l&rsquo;arriv\u00e9e de votre animal \u00e0 la pension.<\/p>\n\n\n\n<p>Si le propri\u00e9taire souhaite \u00e9courter le s\u00e9jour, la\npension lui remettra l&rsquo;animal mais cela ne donnera lieu \u00e0 aucun remboursement.<\/p>\n\n\n\n<p>Le s\u00e9jour est calcul\u00e9 \u00e0 la journ\u00e9e. Pour une arriv\u00e9e l&rsquo;apr\u00e8s midi et\/ou un d\u00e9part le matin, le tarif est divis\u00e9 par 2. Le nombre de journ\u00e9e r\u00e9serv\u00e9e est d\u00fb.<\/p>\n\n\n\n<p><strong> <\/strong>La tarification d\u00e9gressive \u00e0 partir de 2 animaux est valable seulement s\u2019ils appartiennent au m\u00eame propri\u00e9taire et s&rsquo;ils logent dans le m\u00eame chalet.<\/p>\n\n\n\n<p>Moyens de paiement accept\u00e9s: ch\u00e8que, esp\u00e8ces et virement<\/p>\n\n\n\n<p><strong>Entr\u00e9es et sorties&nbsp;:<\/strong><\/p>\n\n\n\n<p>Les arriv\u00e9es et les d\u00e9parts ainsi que les visites se font exclusivement sur 2 plages horaires sur lesquelles nous fixerons un rendez vous pr\u00e9cis. <\/p>\n\n\n\n<p>Les arriv\u00e9es se font tous les jours sauf le dimanche et les jours f\u00e9ri\u00e9s.<\/p>\n\n\n\n<p>Les d\u00e9parts se font tous les jours sauf les jours f\u00e9ri\u00e9s.<\/p>\n\n\n\n<p>Pendant les f\u00eates de fin d&rsquo;ann\u00e9e&nbsp;: pas d&rsquo;entr\u00e9e les 24 et 31 d\u00e9cembre.<\/p>\n\n\n\n<p><strong>Dur\u00e9e du s\u00e9jour:<\/strong><\/p>\n\n\n\n<p>Durant la p\u00e9riode estivale et les vacances scolaires zone B, le s\u00e9jour de l&rsquo;animal \u00e0 la pension doit \u00eatre de 6 nuits minimum. Il peut \u00eatre accept\u00e9 un nombre de jour inf\u00e9rieur mais celui ci ne pourra pas \u00eatre r\u00e9serv\u00e9 plus de 3 semaines \u00e0 l&rsquo;avance.<\/p>\n\n\n\n<p><strong>D\u00e9sistement:<\/strong><\/p>\n\n\n\n<p>Pour toute annulation du s\u00e9jour, l&rsquo;acompte ne sera pas rembours\u00e9 sauf en cas de d\u00e9c\u00e8s ou de convalescence de l&rsquo;animal et sur pr\u00e9sentation du certificat v\u00e9t\u00e9rinaire. <\/p>\n\n\n\n<p>La personne ayant r\u00e9serv\u00e9 et r\u00e9gl\u00e9 un acompte, sans nouvelle de sa part 24h apr\u00e8s le jour d&rsquo;arriv\u00e9e pr\u00e9vu, la pension se r\u00e9serve le droit d&rsquo;accueillir un autre pensionnaire \u00e0 sa place. Aucun remboursement n&rsquo;aura lieu.<\/p>\n\n\n\n<p><strong>Abandon&nbsp;:<\/strong><\/p>\n\n\n\n<p>L&rsquo;abandon est consid\u00e9r\u00e9 par la loi comme un acte de\ncruaut\u00e9 (Article 521-1 du code p\u00e9nal).&nbsp;<\/p>\n\n\n\n<p>Ce d\u00e9lit est puni d\u2019une peine pouvant aller \u00e0 30 000 \u20ac d\u2019amende et deux ans d\u2019emprisonnement.&nbsp;<\/p>\n\n\n\n<p>Sans manifestation du propri\u00e9taire, l&rsquo;animal sera consid\u00e9r\u00e9\ncomme abandonn\u00e9 apr\u00e8s une p\u00e9riode de 8 jours apr\u00e8s la date fix\u00e9e pour son\nd\u00e9part. La pension prendra alors les dispositions n\u00e9cessaires \u00e0 la charge du\npropri\u00e9taire et sans aucun recours possible.<\/p>\n\n\n\n<p>L&rsquo;animal sera confi\u00e9 \u00e0 un refuge\/association en vue d&rsquo;une\nadoption et la pension d\u00e9posera une plainte contre le propri\u00e9taire.<\/p>\n\n\n\n<p>Le solde du s\u00e9jour prolong\u00e9 restera d\u00fb par le\npropri\u00e9taire.<\/p>\n","protected":false},"excerpt":{"rendered":"<p>Conditions d&rsquo;admissions Attention&nbsp;! Ne sont pas accept\u00e9s&nbsp;: La pension se r\u00e9serve le droit de refuser l&rsquo;entr\u00e9e d&rsquo;un animal qui se r\u00e9v\u00e8le malade, dangereux, atteint d&rsquo;une pathologie grave, cardiaque et\/ou infest\u00e9 de parasite. Si tel est le cas, l&rsquo;acompte vers\u00e9 \u00e0 la r\u00e9servation ne sera pas rembours\u00e9 m\u00eame si c&rsquo;est \u00e0 l&rsquo;initiative de la pension puisque &hellip; <\/p>\n<p class=\"link-more\"><a href=\"https:\/\/lavalleedes4pattes.fr\/index.php\/reglement-interieur\/\" class=\"more-link\">Continuer la lecture<span class=\"screen-reader-text\"> de &laquo;&nbsp;R\u00e8glement int\u00e9rieur&nbsp;&raquo;<\/span><\/a><\/p>\n","protected":false},"author":1,"featured_media":0,"parent":0,"menu_order":0,"comment_status":"closed","ping_status":"closed","template":"","meta":{"_exactmetrics_skip_tracking":false,"_exactmetrics_sitenote_active":false,"_exactmetrics_sitenote_note":"","_exactmetrics_sitenote_category":0,"footnotes":""},"class_list":["post-53","page","type-page","status-publish","hentry"],"_links":{"self":[{"href":"https:\/\/lavalleedes4pattes.fr\/index.php\/wp-json\/wp\/v2\/pages\/53","targetHints":{"allow":["GET"]}}],"collection":[{"href":"https:\/\/lavalleedes4pattes.fr\/index.php\/wp-json\/wp\/v2\/pages"}],"about":[{"href":"https:\/\/lavalleedes4pattes.fr\/index.php\/wp-json\/wp\/v2\/types\/page"}],"author":[{"embeddable":true,"href":"https:\/\/lavalleedes4pattes.fr\/index.php\/wp-json\/wp\/v2\/users\/1"}],"replies":[{"embeddable":true,"href":"https:\/\/lavalleedes4pattes.fr\/index.php\/wp-json\/wp\/v2\/comments?post=53"}],"version-history":[{"count":32,"href":"https:\/\/lavalleedes4pattes.fr\/index.php\/wp-json\/wp\/v2\/pages\/53\/revisions"}],"predecessor-version":[{"id":758,"href":"https:\/\/lavalleedes4pattes.fr\/index.php\/wp-json\/wp\/v2\/pages\/53\/revisions\/758"}],"wp:attachment":[{"href":"https:\/\/lavalleedes4pattes.fr\/index.php\/wp-json\/wp\/v2\/media?parent=53"}],"curies":[{"name":"wp","href":"https:\/\/api.w.org\/{rel}","templated":true}]}}